{"id":1000831,"date":"2024-10-30T12:20:16","date_gmt":"2024-10-30T10:20:16","guid":{"rendered":"https:\/\/www.id-waste.com\/resources\/"},"modified":"2025-03-17T18:42:07","modified_gmt":"2025-03-17T16:42:07","slug":"resources","status":"publish","type":"page","link":"https:\/\/www.id-waste.com\/ca\/resources\/","title":{"rendered":"Resources"},"content":{"rendered":"\t\t<div data-elementor-type=\"wp-page\" data-elementor-id=\"1000831\" class=\"elementor elementor-1000831 elementor-996162\" data-elementor-post-type=\"page\">\n\t\t\t\t<div class=\"elementor-element elementor-element-43acea4 e-con-full e-flex e-con e-parent\" data-id=\"43acea4\" data-element_type=\"container\">\n\t\t<div class=\"elementor-element elementor-element-479582b e-flex e-con-boxed e-con e-child\" data-id=\"479582b\" data-element_type=\"container\" data-settings=\"{&quot;background_background&quot;:&quot;classic&quot;}\">\n\t\t\t\t\t<div class=\"e-con-inner\">\n\t\t\t\t<div class=\"vamtam-has-theme-widget-styles elementor-element elementor-element-edc7395 elementor-grid-1 elementor-posts--thumbnail-right elementor-grid-tablet-1 elementor-posts--thumbnail-mobile-top elementor-grid-mobile-1 elementor-widget elementor-widget-posts\" data-id=\"edc7395\" data-element_type=\"widget\" data-settings=\"{&quot;vamtam_classic_row_gap&quot;:{&quot;unit&quot;:&quot;px&quot;,&quot;size&quot;:60,&quot;sizes&quot;:[]},&quot;vamtam_classic_columns&quot;:&quot;1&quot;,&quot;vamtam_classic_columns_tablet&quot;:&quot;1&quot;,&quot;vamtam_classic_row_gap_mobile&quot;:{&quot;unit&quot;:&quot;px&quot;,&quot;size&quot;:20,&quot;sizes&quot;:[]},&quot;vamtam_classic_columns_mobile&quot;:&quot;1&quot;,&quot;vamtam_classic_row_gap_tablet&quot;:{&quot;unit&quot;:&quot;px&quot;,&quot;size&quot;:&quot;&quot;,&quot;sizes&quot;:[]}}\" data-widget_type=\"posts.vamtam_classic\">\n\t\t\t\t<div class=\"elementor-widget-container\">\n\t\t\t<link rel=\"stylesheet\" href=\"https:\/\/www.id-waste.com\/wp-content\/plugins\/pro-elements\/assets\/css\/widget-posts.min.css\">\t\t<div class=\"elementor-posts-container elementor-posts elementor-posts--skin-vamtam_classic elementor-grid\">\n\t\t\t\t<article class=\"elementor-post elementor-grid-item post-1000510 post type-post status-publish format-standard has-post-thumbnail hentry category-case-study-ca tag-consell-comarcal-girones-ca\">\n\t\t\t\t<a class=\"elementor-post__thumbnail__link\" href=\"https:\/\/www.id-waste.com\/ca\/tecnologia-aplicada-a-la-convivencia-de-models-amb-la-incorporacio-del-pagament-per-generacio\/\" tabindex=\"-1\" >\n\t\t\t<div class=\"elementor-post__thumbnail\"><img fetchpriority=\"high\" decoding=\"async\" width=\"1024\" height=\"683\" src=\"https:\/\/www.id-waste.com\/wp-content\/uploads\/2025\/01\/spora-quart-1883-1-1024x683.jpg\" class=\"attachment-large size-large wp-image-1000514\" alt=\"\" srcset=\"https:\/\/www.id-waste.com\/wp-content\/uploads\/2025\/01\/spora-quart-1883-1-1024x683.jpg 1024w, https:\/\/www.id-waste.com\/wp-content\/uploads\/2025\/01\/spora-quart-1883-1-300x200.jpg 300w, https:\/\/www.id-waste.com\/wp-content\/uploads\/2025\/01\/spora-quart-1883-1-768x512.jpg 768w, https:\/\/www.id-waste.com\/wp-content\/uploads\/2025\/01\/spora-quart-1883-1-1536x1024.jpg 1536w, https:\/\/www.id-waste.com\/wp-content\/uploads\/2025\/01\/spora-quart-1883-1-2048x1365.jpg 2048w\" sizes=\"(max-width: 1024px) 100vw, 1024px\" \/><\/div>\n\t\t<\/a>\n\t\t\t\t\t<div class=\"elementor-post__meta-data\">\n\t\t\t\t\t\t<span class=\"elementor-post-date\">\n\t\t\t20 de gener de 2025\t\t<\/span>\n\t\t\t\t\t<div class=\"vamtam-post__categories\">\n\t\t\t\t<a href=\"https:\/\/www.id-waste.com\/ca\/category\/case-study-ca\/\" rel=\"category tag\">Case Study<\/a>\t\t\t<\/div>\n\t\t\t\t\t\t<\/div>\n\t\t\t\t\t<div class=\"elementor-post__text\">\n\t\t\t\t<h3 class=\"elementor-post__title\">\n\t\t\t<a href=\"https:\/\/www.id-waste.com\/ca\/tecnologia-aplicada-a-la-convivencia-de-models-amb-la-incorporacio-del-pagament-per-generacio\/\" >\n\t\t\t\tTecnologia aplicada a la conviv\u00e8ncia de models amb la incorporaci\u00f3 del pagament per generaci\u00f3\t\t\t<\/a>\n\t\t<\/h3>\n\t\t\t\t<\/div>\n\t\t\t\t<\/article>\n\t\t\t\t<\/div>\n\t\t\n\t\t\t\t<\/div>\n\t\t\t\t<\/div>\n\t\t\t\t\t<\/div>\n\t\t\t\t<\/div>\n\t\t<div class=\"elementor-element elementor-element-649a8a1 e-flex e-con-boxed e-con e-child\" data-id=\"649a8a1\" data-element_type=\"container\">\n\t\t\t\t\t<div class=\"e-con-inner\">\n\t\t\t\t<div class=\"vamtam-has-theme-widget-styles elementor-element elementor-element-528c899 elementor-grid-3 elementor-grid-tablet-2 elementor-grid-mobile-1 elementor-posts--thumbnail-top load-more-align-center elementor-widget elementor-widget-posts\" data-id=\"528c899\" data-element_type=\"widget\" data-settings=\"{&quot;vamtam_classic_row_gap&quot;:{&quot;unit&quot;:&quot;px&quot;,&quot;size&quot;:60,&quot;sizes&quot;:[]},&quot;pagination_type&quot;:&quot;load_more_on_click&quot;,&quot;vamtam_classic_row_gap_tablet&quot;:{&quot;unit&quot;:&quot;px&quot;,&quot;size&quot;:20,&quot;sizes&quot;:[]},&quot;vamtam_classic_row_gap_mobile&quot;:{&quot;unit&quot;:&quot;px&quot;,&quot;size&quot;:40,&quot;sizes&quot;:[]},&quot;vamtam_classic_columns&quot;:&quot;3&quot;,&quot;vamtam_classic_columns_tablet&quot;:&quot;2&quot;,&quot;vamtam_classic_columns_mobile&quot;:&quot;1&quot;,&quot;load_more_spinner&quot;:{&quot;value&quot;:&quot;fas fa-spinner&quot;,&quot;library&quot;:&quot;fa-solid&quot;}}\" data-widget_type=\"posts.vamtam_classic\">\n\t\t\t\t<div class=\"elementor-widget-container\">\n\t\t\t\t\t<div class=\"elementor-posts-container elementor-posts elementor-posts--skin-vamtam_classic elementor-grid\">\n\t\t\t\t<article class=\"elementor-post elementor-grid-item post-1000097 post type-post status-publish format-standard has-post-thumbnail hentry category-insight-ca\">\n\t\t\t\t<a class=\"elementor-post__thumbnail__link\" href=\"https:\/\/www.id-waste.com\/ca\/soluciones-tecnologicas-adaptadas-al-modelo-y-al-usuario-la-clave-del-exito-en-los-modelos-de-recogida-con-identificacion\/\" tabindex=\"-1\" >\n\t\t\t<div class=\"elementor-post__thumbnail\"><img decoding=\"async\" width=\"1024\" height=\"769\" src=\"https:\/\/www.id-waste.com\/wp-content\/uploads\/2024\/11\/Post-LK-Case-study-1-1200-x-622-px-2-1024x769.png\" class=\"attachment-large size-large wp-image-999948\" alt=\"\" srcset=\"https:\/\/www.id-waste.com\/wp-content\/uploads\/2024\/11\/Post-LK-Case-study-1-1200-x-622-px-2-1024x769.png 1024w, https:\/\/www.id-waste.com\/wp-content\/uploads\/2024\/11\/Post-LK-Case-study-1-1200-x-622-px-2-300x225.png 300w, https:\/\/www.id-waste.com\/wp-content\/uploads\/2024\/11\/Post-LK-Case-study-1-1200-x-622-px-2-768x576.png 768w, https:\/\/www.id-waste.com\/wp-content\/uploads\/2024\/11\/Post-LK-Case-study-1-1200-x-622-px-2.png 1455w\" sizes=\"(max-width: 1024px) 100vw, 1024px\" \/><\/div>\n\t\t<\/a>\n\t\t\t\t\t<div class=\"elementor-post__meta-data\">\n\t\t\t\t\t\t\t<div class=\"vamtam-post__categories\">\n\t\t\t\t<a href=\"https:\/\/www.id-waste.com\/ca\/category\/insight-ca\/\" rel=\"category tag\">Insight<\/a>\t\t\t<\/div>\n\t\t\t\t\t\t<\/div>\n\t\t\t\t\t<div class=\"elementor-post__text\">\n\t\t\t\t<h3 class=\"elementor-post__title\">\n\t\t\t<a href=\"https:\/\/www.id-waste.com\/ca\/soluciones-tecnologicas-adaptadas-al-modelo-y-al-usuario-la-clave-del-exito-en-los-modelos-de-recogida-con-identificacion\/\" >\n\t\t\t\tSolucions tecnol\u00f2giques adaptades al model i a l\u2019usuari: la clau de l\u2019\u00e8xit en els models de recollida amb identificaci\u00f3\t\t\t<\/a>\n\t\t<\/h3>\n\t\t\t\t<\/div>\n\t\t\t\t<\/article>\n\t\t\t\t<article class=\"elementor-post elementor-grid-item post-1000518 post type-post status-publish format-standard has-post-thumbnail hentry category-insight-ca\">\n\t\t\t\t<a class=\"elementor-post__thumbnail__link\" href=\"https:\/\/www.id-waste.com\/ca\/id%c2%b7box-el-sistema-de-control-dacces-robust-i-versatil\/\" tabindex=\"-1\" >\n\t\t\t<div class=\"elementor-post__thumbnail\"><img decoding=\"async\" width=\"839\" height=\"1024\" src=\"https:\/\/www.id-waste.com\/wp-content\/uploads\/2024\/11\/idbox-idwaste-apertura-manual-839x1024.png\" class=\"attachment-large size-large wp-image-999860\" alt=\"\" srcset=\"https:\/\/www.id-waste.com\/wp-content\/uploads\/2024\/11\/idbox-idwaste-apertura-manual-839x1024.png 839w, https:\/\/www.id-waste.com\/wp-content\/uploads\/2024\/11\/idbox-idwaste-apertura-manual-246x300.png 246w, https:\/\/www.id-waste.com\/wp-content\/uploads\/2024\/11\/idbox-idwaste-apertura-manual-768x937.png 768w, https:\/\/www.id-waste.com\/wp-content\/uploads\/2024\/11\/idbox-idwaste-apertura-manual.png 1090w\" sizes=\"(max-width: 839px) 100vw, 839px\" \/><\/div>\n\t\t<\/a>\n\t\t\t\t\t<div class=\"elementor-post__meta-data\">\n\t\t\t\t\t\t\t<div class=\"vamtam-post__categories\">\n\t\t\t\t<a href=\"https:\/\/www.id-waste.com\/ca\/category\/insight-ca\/\" rel=\"category tag\">Insight<\/a>\t\t\t<\/div>\n\t\t\t\t\t\t<\/div>\n\t\t\t\t\t<div class=\"elementor-post__text\">\n\t\t\t\t<h3 class=\"elementor-post__title\">\n\t\t\t<a href=\"https:\/\/www.id-waste.com\/ca\/id%c2%b7box-el-sistema-de-control-dacces-robust-i-versatil\/\" >\n\t\t\t\tID\u00b7Box, el sistema de control d\u2019acc\u00e9s robust i vers\u00e0til\t\t\t<\/a>\n\t\t<\/h3>\n\t\t\t\t<\/div>\n\t\t\t\t<\/article>\n\t\t\t\t<article class=\"elementor-post elementor-grid-item post-1000520 post type-post status-publish format-standard has-post-thumbnail hentry category-case-study-ca tag-sasieta-ca\">\n\t\t\t\t<a class=\"elementor-post__thumbnail__link\" href=\"https:\/\/www.id-waste.com\/ca\/tracabilitat-i-identificacio-de-residus-industrials-i-comercials\/\" tabindex=\"-1\" >\n\t\t\t<div class=\"elementor-post__thumbnail\"><img loading=\"lazy\" decoding=\"async\" width=\"930\" height=\"620\" src=\"https:\/\/www.id-waste.com\/wp-content\/uploads\/2024\/11\/Post-LK-Case-study-1-1200-x-622-px.png\" class=\"attachment-large size-large wp-image-999936\" alt=\"\" srcset=\"https:\/\/www.id-waste.com\/wp-content\/uploads\/2024\/11\/Post-LK-Case-study-1-1200-x-622-px.png 930w, https:\/\/www.id-waste.com\/wp-content\/uploads\/2024\/11\/Post-LK-Case-study-1-1200-x-622-px-300x200.png 300w, https:\/\/www.id-waste.com\/wp-content\/uploads\/2024\/11\/Post-LK-Case-study-1-1200-x-622-px-768x512.png 768w\" sizes=\"(max-width: 930px) 100vw, 930px\" \/><\/div>\n\t\t<\/a>\n\t\t\t\t\t<div class=\"elementor-post__meta-data\">\n\t\t\t\t\t\t\t<div class=\"vamtam-post__categories\">\n\t\t\t\t<a href=\"https:\/\/www.id-waste.com\/ca\/category\/case-study-ca\/\" rel=\"category tag\">Case Study<\/a>\t\t\t<\/div>\n\t\t\t\t\t\t<\/div>\n\t\t\t\t\t<div class=\"elementor-post__text\">\n\t\t\t\t<h3 class=\"elementor-post__title\">\n\t\t\t<a href=\"https:\/\/www.id-waste.com\/ca\/tracabilitat-i-identificacio-de-residus-industrials-i-comercials\/\" >\n\t\t\t\tTra\u00e7abilitat i identificaci\u00f3 de residus industrials i comercials\t\t\t<\/a>\n\t\t<\/h3>\n\t\t\t\t<\/div>\n\t\t\t\t<\/article>\n\t\t\t\t<article class=\"elementor-post elementor-grid-item post-1000526 post type-post status-publish format-standard has-post-thumbnail hentry category-insight-ca\">\n\t\t\t\t<a class=\"elementor-post__thumbnail__link\" href=\"https:\/\/www.id-waste.com\/ca\/tecnologia-aplicada-a-la-gestio-de-residus-la-solucio-per-assolir-els-objectius\/\" tabindex=\"-1\" >\n\t\t\t<div class=\"elementor-post__thumbnail\"><img loading=\"lazy\" decoding=\"async\" width=\"1024\" height=\"742\" src=\"https:\/\/www.id-waste.com\/wp-content\/uploads\/2024\/11\/header_modulos-e1732279660127-1024x742.jpg\" class=\"attachment-large size-large wp-image-999944\" alt=\"\" srcset=\"https:\/\/www.id-waste.com\/wp-content\/uploads\/2024\/11\/header_modulos-e1732279660127-1024x742.jpg 1024w, https:\/\/www.id-waste.com\/wp-content\/uploads\/2024\/11\/header_modulos-e1732279660127-300x217.jpg 300w, https:\/\/www.id-waste.com\/wp-content\/uploads\/2024\/11\/header_modulos-e1732279660127-768x557.jpg 768w, https:\/\/www.id-waste.com\/wp-content\/uploads\/2024\/11\/header_modulos-e1732279660127.jpg 1311w\" sizes=\"(max-width: 1024px) 100vw, 1024px\" \/><\/div>\n\t\t<\/a>\n\t\t\t\t\t<div class=\"elementor-post__meta-data\">\n\t\t\t\t\t\t\t<div class=\"vamtam-post__categories\">\n\t\t\t\t<a href=\"https:\/\/www.id-waste.com\/ca\/category\/insight-ca\/\" rel=\"category tag\">Insight<\/a>\t\t\t<\/div>\n\t\t\t\t\t\t<\/div>\n\t\t\t\t\t<div class=\"elementor-post__text\">\n\t\t\t\t<h3 class=\"elementor-post__title\">\n\t\t\t<a href=\"https:\/\/www.id-waste.com\/ca\/tecnologia-aplicada-a-la-gestio-de-residus-la-solucio-per-assolir-els-objectius\/\" >\n\t\t\t\tTecnologia aplicada a la gesti\u00f3 de residus. La soluci\u00f3 per assolir els objectius?\t\t\t<\/a>\n\t\t<\/h3>\n\t\t\t\t<\/div>\n\t\t\t\t<\/article>\n\t\t\t\t<\/div>\n\t\t\t\t\t<span class=\"e-load-more-spinner\">\n\t\t\t\t<i aria-hidden=\"true\" class=\"fas fa-spinner\"><\/i>\t\t\t<\/span>\n\t\t\n\t\t\t\t<\/div>\n\t\t\t\t<\/div>\n\t\t\t\t\t<\/div>\n\t\t\t\t<\/div>\n\t\t\t\t<\/div>\n\t\t<div class=\"elementor-element elementor-element-2070514 e-flex e-con-boxed e-con e-parent\" data-id=\"2070514\" data-element_type=\"container\">\n\t\t\t\t\t<div class=\"e-con-inner\">\n\t\t\t\t\t<\/div>\n\t\t\t\t<\/div>\n\t\t\t\t<\/div>\n\t\t","protected":false},"excerpt":{"rendered":"","protected":false},"author":2,"featured_media":0,"parent":0,"menu_order":0,"comment_status":"closed","ping_status":"closed","template":"elementor_header_footer","meta":{"_acf_changed":false,"_monsterinsights_skip_tracking":false,"_monsterinsights_sitenote_active":false,"_monsterinsights_sitenote_note":"","_monsterinsights_sitenote_category":0,"footnotes":""},"class_list":["post-1000831","page","type-page","status-publish","hentry"],"acf":[],"yoast_head":"<!-- This site is optimized with the Yoast SEO plugin v22.9 - https:\/\/yoast.com\/wordpress\/plugins\/seo\/ -->\n<title>Resources - id\u00b7waste<\/title>\n<meta name=\"robots\" content=\"index, follow, max-snippet:-1, max-image-preview:large, max-video-preview:-1\" \/>\n<link rel=\"canonical\" href=\"https:\/\/www.id-waste.com\/ca\/resources\/\" \/>\n<meta property=\"og:locale\" content=\"ca_ES\" \/>\n<meta property=\"og:type\" content=\"article\" \/>\n<meta property=\"og:title\" content=\"Resources - id\u00b7waste\" \/>\n<meta property=\"og:url\" content=\"https:\/\/www.id-waste.com\/ca\/resources\/\" \/>\n<meta property=\"og:site_name\" content=\"id\u00b7waste\" \/>\n<meta property=\"article:modified_time\" content=\"2025-03-17T16:42:07+00:00\" \/>\n<meta name=\"twitter:card\" content=\"summary_large_image\" \/>\n<script type=\"application\/ld+json\" class=\"yoast-schema-graph\">{\"@context\":\"https:\/\/schema.org\",\"@graph\":[{\"@type\":\"WebPage\",\"@id\":\"https:\/\/www.id-waste.com\/ca\/resources\/\",\"url\":\"https:\/\/www.id-waste.com\/ca\/resources\/\",\"name\":\"Resources - id\u00b7waste\",\"isPartOf\":{\"@id\":\"https:\/\/www.id-waste.com\/#website\"},\"datePublished\":\"2024-10-30T10:20:16+00:00\",\"dateModified\":\"2025-03-17T16:42:07+00:00\",\"breadcrumb\":{\"@id\":\"https:\/\/www.id-waste.com\/ca\/resources\/#breadcrumb\"},\"inLanguage\":\"ca\",\"potentialAction\":[{\"@type\":\"ReadAction\",\"target\":[\"https:\/\/www.id-waste.com\/ca\/resources\/\"]}]},{\"@type\":\"BreadcrumbList\",\"@id\":\"https:\/\/www.id-waste.com\/ca\/resources\/#breadcrumb\",\"itemListElement\":[{\"@type\":\"ListItem\",\"position\":1,\"name\":\"Inici\",\"item\":\"https:\/\/www.id-waste.com\/ca\/inicio-juliol-2025\/\"},{\"@type\":\"ListItem\",\"position\":2,\"name\":\"Resources\"}]},{\"@type\":\"WebSite\",\"@id\":\"https:\/\/www.id-waste.com\/#website\",\"url\":\"https:\/\/www.id-waste.com\/\",\"name\":\"id\u00b7waste\",\"description\":\"Performance-driven waste solutions\",\"publisher\":{\"@id\":\"https:\/\/www.id-waste.com\/#organization\"},\"potentialAction\":[{\"@type\":\"SearchAction\",\"target\":{\"@type\":\"EntryPoint\",\"urlTemplate\":\"https:\/\/www.id-waste.com\/?s={search_term_string}\"},\"query-input\":\"required name=search_term_string\"}],\"inLanguage\":\"ca\"},{\"@type\":\"Organization\",\"@id\":\"https:\/\/www.id-waste.com\/#organization\",\"name\":\"id\u00b7waste\",\"url\":\"https:\/\/www.id-waste.com\/\",\"logo\":{\"@type\":\"ImageObject\",\"inLanguage\":\"ca\",\"@id\":\"https:\/\/www.id-waste.com\/#\/schema\/logo\/image\/\",\"url\":\"https:\/\/www.id-waste.com\/wp-content\/uploads\/2023\/07\/idwaste__logo_new.png\",\"contentUrl\":\"https:\/\/www.id-waste.com\/wp-content\/uploads\/2023\/07\/idwaste__logo_new.png\",\"width\":238,\"height\":46,\"caption\":\"id\u00b7waste\"},\"image\":{\"@id\":\"https:\/\/www.id-waste.com\/#\/schema\/logo\/image\/\"},\"sameAs\":[\"https:\/\/www.linkedin.com\/company\/id-waste-sl\"]}]}<\/script>\n<!-- \/ Yoast SEO plugin. -->","yoast_head_json":{"title":"Resources - id\u00b7waste","robots":{"index":"index","follow":"follow","max-snippet":"max-snippet:-1","max-image-preview":"max-image-preview:large","max-video-preview":"max-video-preview:-1"},"canonical":"https:\/\/www.id-waste.com\/ca\/resources\/","og_locale":"ca_ES","og_type":"article","og_title":"Resources - id\u00b7waste","og_url":"https:\/\/www.id-waste.com\/ca\/resources\/","og_site_name":"id\u00b7waste","article_modified_time":"2025-03-17T16:42:07+00:00","twitter_card":"summary_large_image","schema":{"@context":"https:\/\/schema.org","@graph":[{"@type":"WebPage","@id":"https:\/\/www.id-waste.com\/ca\/resources\/","url":"https:\/\/www.id-waste.com\/ca\/resources\/","name":"Resources - id\u00b7waste","isPartOf":{"@id":"https:\/\/www.id-waste.com\/#website"},"datePublished":"2024-10-30T10:20:16+00:00","dateModified":"2025-03-17T16:42:07+00:00","breadcrumb":{"@id":"https:\/\/www.id-waste.com\/ca\/resources\/#breadcrumb"},"inLanguage":"ca","potentialAction":[{"@type":"ReadAction","target":["https:\/\/www.id-waste.com\/ca\/resources\/"]}]},{"@type":"BreadcrumbList","@id":"https:\/\/www.id-waste.com\/ca\/resources\/#breadcrumb","itemListElement":[{"@type":"ListItem","position":1,"name":"Inici","item":"https:\/\/www.id-waste.com\/ca\/inicio-juliol-2025\/"},{"@type":"ListItem","position":2,"name":"Resources"}]},{"@type":"WebSite","@id":"https:\/\/www.id-waste.com\/#website","url":"https:\/\/www.id-waste.com\/","name":"id\u00b7waste","description":"Performance-driven waste solutions","publisher":{"@id":"https:\/\/www.id-waste.com\/#organization"},"potentialAction":[{"@type":"SearchAction","target":{"@type":"EntryPoint","urlTemplate":"https:\/\/www.id-waste.com\/?s={search_term_string}"},"query-input":"required name=search_term_string"}],"inLanguage":"ca"},{"@type":"Organization","@id":"https:\/\/www.id-waste.com\/#organization","name":"id\u00b7waste","url":"https:\/\/www.id-waste.com\/","logo":{"@type":"ImageObject","inLanguage":"ca","@id":"https:\/\/www.id-waste.com\/#\/schema\/logo\/image\/","url":"https:\/\/www.id-waste.com\/wp-content\/uploads\/2023\/07\/idwaste__logo_new.png","contentUrl":"https:\/\/www.id-waste.com\/wp-content\/uploads\/2023\/07\/idwaste__logo_new.png","width":238,"height":46,"caption":"id\u00b7waste"},"image":{"@id":"https:\/\/www.id-waste.com\/#\/schema\/logo\/image\/"},"sameAs":["https:\/\/www.linkedin.com\/company\/id-waste-sl"]}]}},"_links":{"self":[{"href":"https:\/\/www.id-waste.com\/ca\/wp-json\/wp\/v2\/pages\/1000831","targetHints":{"allow":["GET"]}}],"collection":[{"href":"https:\/\/www.id-waste.com\/ca\/wp-json\/wp\/v2\/pages"}],"about":[{"href":"https:\/\/www.id-waste.com\/ca\/wp-json\/wp\/v2\/types\/page"}],"author":[{"embeddable":true,"href":"https:\/\/www.id-waste.com\/ca\/wp-json\/wp\/v2\/users\/2"}],"replies":[{"embeddable":true,"href":"https:\/\/www.id-waste.com\/ca\/wp-json\/wp\/v2\/comments?post=1000831"}],"version-history":[{"count":1,"href":"https:\/\/www.id-waste.com\/ca\/wp-json\/wp\/v2\/pages\/1000831\/revisions"}],"predecessor-version":[{"id":1000832,"href":"https:\/\/www.id-waste.com\/ca\/wp-json\/wp\/v2\/pages\/1000831\/revisions\/1000832"}],"wp:attachment":[{"href":"https:\/\/www.id-waste.com\/ca\/wp-json\/wp\/v2\/media?parent=1000831"}],"curies":[{"name":"wp","href":"https:\/\/api.w.org\/{rel}","templated":true}]}}