{"id":846,"date":"2019-03-13T16:49:50","date_gmt":"2019-03-13T15:49:50","guid":{"rendered":"https:\/\/www.id-waste.com\/?post_type=product&#038;p=846"},"modified":"2019-03-18T13:02:02","modified_gmt":"2019-03-18T12:02:02","slug":"delta-aluminio","status":"publish","type":"product","link":"https:\/\/www.id-waste.com\/binsandbags\/producto\/delta-aluminio\/","title":{"rendered":"DELTA ALUMINIO"},"content":{"rendered":"<p>[et_pb_section fb_built=\u00bb1&#8243; admin_label=\u00bbsection\u00bb _builder_version=\u00bb3.19.14&#8243; custom_margin=\u00bb0px|0px|0px|0px\u00bb custom_padding=\u00bb0px|0px|0px|0px\u00bb][et_pb_row make_fullwidth=\u00bbon\u00bb use_custom_gutter=\u00bbon\u00bb gutter_width=\u00bb1&#8243; custom_padding=\u00bb0px|0px|0px|0px\u00bb custom_margin=\u00bb0px|0px|0px|0px\u00bb admin_label=\u00bbrow\u00bb _builder_version=\u00bb3.19.14&#8243; background_size=\u00bbinitial\u00bb background_position=\u00bbtop_left\u00bb background_repeat=\u00bbrepeat\u00bb][et_pb_column type=\u00bb4_4&#8243; _builder_version=\u00bb3.0.47&#8243;][et_pb_accordion admin_label=\u00bbAcorde\u00f3n\u00bb _builder_version=\u00bb3.19.14&#8243;][et_pb_accordion_item title=\u00bbCARACTER\u00cdSTICAS T\u00c9CNICAS\u00bb open=\u00bbon\u00bb _builder_version=\u00bb3.19.14&#8243; title_text_shadow_horizontal_length=\u00bb0em\u00bb title_text_shadow_vertical_length=\u00bb0em\u00bb title_text_shadow_blur_strength=\u00bb0em\u00bb body_text_shadow_horizontal_length=\u00bb0em\u00bb body_text_shadow_vertical_length=\u00bb0em\u00bb body_text_shadow_blur_strength=\u00bb0em\u00bb]<\/p>\n<ul>\n<li class=\"p1\">Estructura modular que permite una composici\u00f3n personalizada en funci\u00f3n de la cantidad de residuos generados.<\/li>\n<li class=\"p1\">Tapa disponible en diferentes colores<\/li>\n<li class=\"p1\">Posibilidad de tapa para la recogida espec\u00edfica de vasos<\/li>\n<\/ul>\n<p>[\/et_pb_accordion_item][et_pb_accordion_item title=\u00bbMaterial\u00bb open=\u00bboff\u00bb _builder_version=\u00bb3.19.14&#8243; title_text_shadow_horizontal_length=\u00bb0em\u00bb title_text_shadow_vertical_length=\u00bb0em\u00bb title_text_shadow_blur_strength=\u00bb0em\u00bb body_text_shadow_horizontal_length=\u00bb0em\u00bb body_text_shadow_vertical_length=\u00bb0em\u00bb body_text_shadow_blur_strength=\u00bb0em\u00bb]<\/p>\n<ul>\n<li class=\"p1\">Tapa de polipropileno reciclado<\/li>\n<li class=\"p1\">Cuerpo de aluminio<\/li>\n<\/ul>\n<p>[\/et_pb_accordion_item][et_pb_accordion_item title=\u00bbOpcional\u00bb open=\u00bboff\u00bb _builder_version=\u00bb3.19.14&#8243; title_text_shadow_horizontal_length=\u00bb0em\u00bb title_text_shadow_vertical_length=\u00bb0em\u00bb title_text_shadow_blur_strength=\u00bb0em\u00bb body_text_shadow_horizontal_length=\u00bb0em\u00bb body_text_shadow_vertical_length=\u00bb0em\u00bb body_text_shadow_blur_strength=\u00bb0em\u00bb]<\/p>\n<ul>\n<li class=\"p1\">Impresi\u00f3n \/ serigraf\u00eda de la tapa<\/li>\n<li class=\"p1\">Etiqueta identificativa del tipo de residuo<\/li>\n<li class=\"p1\">Alturas no est\u00e1ndar: 800 y 300mm<\/li>\n<\/ul>\n<p>[\/et_pb_accordion_item][et_pb_accordion_item title=\u00bbMedidas\u00bb open=\u00bboff\u00bb _builder_version=\u00bb3.19.14&#8243; title_text_shadow_horizontal_length=\u00bb0em\u00bb title_text_shadow_vertical_length=\u00bb0em\u00bb title_text_shadow_blur_strength=\u00bb0em\u00bb body_text_shadow_horizontal_length=\u00bb0em\u00bb body_text_shadow_vertical_length=\u00bb0em\u00bb body_text_shadow_blur_strength=\u00bb0em\u00bb]<\/p>\n<ul>\n<li>400 x 320 x 285 (15 litros)<\/li>\n<li>500 x 320 x 285 (19 litros)<\/li>\n<li>600 x 320 x 285 (23 litros)<\/li>\n<li>700 x 320 x 285 (27 litros)<\/li>\n<\/ul>\n<p>[\/et_pb_accordion_item][\/et_pb_accordion][\/et_pb_column][\/et_pb_row][\/et_pb_section]<\/p>\n","protected":false},"excerpt":{"rendered":"<p>Estructura modular que permite una composici\u00f3n personalizada en funci\u00f3n de la cantidad de residuos generados. Tapa disponible en diferentes colores Posibilidad de tapa para la recogida espec\u00edfica de vasos Tapa de polipropileno reciclado Cuerpo de aluminio Impresi\u00f3n \/ serigraf\u00eda de la tapa Etiqueta identificativa del tipo de residuo Alturas no est\u00e1ndar: 800 y 300mm 400 [&hellip;]<\/p>\n","protected":false},"featured_media":980,"template":"","meta":{"_et_pb_use_builder":"on","_et_pb_old_content":"<img class=\"wp-image-6 alignnone size-thumbnail\" src=\"https:\/\/www.id-waste.com\/wp-content\/uploads\/2019\/02\/imagotip-quadrat-500px-150x150.png\" alt=\"\" width=\"150\" height=\"150\" \/>","_et_gb_content_width":""},"product_cat":[45],"product_tag":[],"yoast_head":"<!-- This site is optimized with the Yoast SEO plugin v17.6 - https:\/\/yoast.com\/wordpress\/plugins\/seo\/ -->\n<title>DELTA ALUMINIO &mdash; id\u00b7waste<\/title>\n<meta name=\"robots\" content=\"index, follow, max-snippet:-1, max-image-preview:large, max-video-preview:-1\" \/>\n<link rel=\"canonical\" href=\"https:\/\/www.id-waste.com\/producto\/delta-aluminio\/\" \/>\n<meta property=\"og:locale\" content=\"es_ES\" \/>\n<meta property=\"og:type\" content=\"article\" \/>\n<meta property=\"og:title\" content=\"DELTA ALUMINIO &mdash; id\u00b7waste\" \/>\n<meta property=\"og:description\" content=\"Estructura modular que permite una composici\u00f3n personalizada en funci\u00f3n de la cantidad de residuos generados. Tapa disponible en diferentes colores Posibilidad de tapa para la recogida espec\u00edfica de vasos Tapa de polipropileno reciclado Cuerpo de aluminio Impresi\u00f3n \/ serigraf\u00eda de la tapa Etiqueta identificativa del tipo de residuo Alturas no est\u00e1ndar: 800 y 300mm 400 [&hellip;]\" \/>\n<meta property=\"og:url\" content=\"https:\/\/www.id-waste.com\/producto\/delta-aluminio\/\" \/>\n<meta property=\"og:site_name\" content=\"id\u00b7waste\" \/>\n<meta property=\"article:modified_time\" content=\"2019-03-18T12:02:02+00:00\" \/>\n<meta property=\"og:image\" content=\"https:\/\/www.id-waste.com\/wp-content\/uploads\/2019\/03\/delta_alumini.jpg\" \/>\n\t<meta property=\"og:image:width\" content=\"1570\" \/>\n\t<meta property=\"og:image:height\" content=\"1571\" \/>\n<meta name=\"twitter:card\" content=\"summary_large_image\" \/>\n<meta name=\"twitter:label1\" content=\"Tiempo de lectura\" \/>\n\t<meta name=\"twitter:data1\" content=\"2 minutos\" \/>\n<script type=\"application\/ld+json\" class=\"yoast-schema-graph\">{\"@context\":\"https:\/\/schema.org\",\"@graph\":[{\"@type\":\"Organization\",\"@id\":\"https:\/\/www.id-waste.com\/#organization\",\"name\":\"id\\u00b7waste\",\"url\":\"https:\/\/www.id-waste.com\/\",\"sameAs\":[],\"logo\":{\"@type\":\"ImageObject\",\"@id\":\"https:\/\/www.id-waste.com\/#logo\",\"inLanguage\":\"es\",\"url\":\"https:\/\/www.id-waste.com\/wp-content\/uploads\/2019\/02\/imagotip-quadrat-500px.png\",\"contentUrl\":\"https:\/\/www.id-waste.com\/wp-content\/uploads\/2019\/02\/imagotip-quadrat-500px.png\",\"width\":600,\"height\":600,\"caption\":\"id\\u00b7waste\"},\"image\":{\"@id\":\"https:\/\/www.id-waste.com\/#logo\"}},{\"@type\":\"WebSite\",\"@id\":\"https:\/\/www.id-waste.com\/#website\",\"url\":\"https:\/\/www.id-waste.com\/\",\"name\":\"id\\u00b7waste\",\"description\":\"Soluciones para la recogida selectiva domiciliaria y comercial\",\"publisher\":{\"@id\":\"https:\/\/www.id-waste.com\/#organization\"},\"potentialAction\":[{\"@type\":\"SearchAction\",\"target\":{\"@type\":\"EntryPoint\",\"urlTemplate\":\"https:\/\/www.id-waste.com\/?s={search_term_string}\"},\"query-input\":\"required name=search_term_string\"}],\"inLanguage\":\"es\"},{\"@type\":\"ImageObject\",\"@id\":\"https:\/\/www.id-waste.com\/producto\/delta-aluminio\/#primaryimage\",\"inLanguage\":\"es\",\"url\":\"https:\/\/www.id-waste.com\/binsandbags\/wp-content\/uploads\/2019\/03\/delta_alumini.jpg\",\"contentUrl\":\"https:\/\/www.id-waste.com\/binsandbags\/wp-content\/uploads\/2019\/03\/delta_alumini.jpg\",\"width\":1570,\"height\":1571},{\"@type\":\"WebPage\",\"@id\":\"https:\/\/www.id-waste.com\/producto\/delta-aluminio\/#webpage\",\"url\":\"https:\/\/www.id-waste.com\/producto\/delta-aluminio\/\",\"name\":\"DELTA ALUMINIO &mdash; id\\u00b7waste\",\"isPartOf\":{\"@id\":\"https:\/\/www.id-waste.com\/#website\"},\"primaryImageOfPage\":{\"@id\":\"https:\/\/www.id-waste.com\/producto\/delta-aluminio\/#primaryimage\"},\"datePublished\":\"2019-03-13T15:49:50+00:00\",\"dateModified\":\"2019-03-18T12:02:02+00:00\",\"breadcrumb\":{\"@id\":\"https:\/\/www.id-waste.com\/producto\/delta-aluminio\/#breadcrumb\"},\"inLanguage\":\"es\",\"potentialAction\":[{\"@type\":\"ReadAction\",\"target\":[\"https:\/\/www.id-waste.com\/producto\/delta-aluminio\/\"]}]},{\"@type\":\"BreadcrumbList\",\"@id\":\"https:\/\/www.id-waste.com\/producto\/delta-aluminio\/#breadcrumb\",\"itemListElement\":[{\"@type\":\"ListItem\",\"position\":1,\"name\":\"Portada\",\"item\":\"https:\/\/www.id-waste.com\/comingsoon\/\"},{\"@type\":\"ListItem\",\"position\":2,\"name\":\"Producto\",\"item\":\"https:\/\/www.id-waste.com\/binsandbags\/producto\/\"},{\"@type\":\"ListItem\",\"position\":3,\"name\":\"DELTA ALUMINIO\"}]}]}<\/script>\n<!-- \/ Yoast SEO plugin. -->","yoast_head_json":{"title":"DELTA ALUMINIO &mdash; id\u00b7waste","robots":{"index":"index","follow":"follow","max-snippet":"max-snippet:-1","max-image-preview":"max-image-preview:large","max-video-preview":"max-video-preview:-1"},"canonical":"https:\/\/www.id-waste.com\/producto\/delta-aluminio\/","og_locale":"es_ES","og_type":"article","og_title":"DELTA ALUMINIO &mdash; id\u00b7waste","og_description":"Estructura modular que permite una composici\u00f3n personalizada en funci\u00f3n de la cantidad de residuos generados. Tapa disponible en diferentes colores Posibilidad de tapa para la recogida espec\u00edfica de vasos Tapa de polipropileno reciclado Cuerpo de aluminio Impresi\u00f3n \/ serigraf\u00eda de la tapa Etiqueta identificativa del tipo de residuo Alturas no est\u00e1ndar: 800 y 300mm 400 [&hellip;]","og_url":"https:\/\/www.id-waste.com\/producto\/delta-aluminio\/","og_site_name":"id\u00b7waste","article_modified_time":"2019-03-18T12:02:02+00:00","og_image":[{"width":1570,"height":1571,"url":"https:\/\/www.id-waste.com\/wp-content\/uploads\/2019\/03\/delta_alumini.jpg","type":"image\/jpeg"}],"twitter_card":"summary_large_image","twitter_misc":{"Tiempo de lectura":"2 minutos"},"schema":{"@context":"https:\/\/schema.org","@graph":[{"@type":"Organization","@id":"https:\/\/www.id-waste.com\/#organization","name":"id\u00b7waste","url":"https:\/\/www.id-waste.com\/","sameAs":[],"logo":{"@type":"ImageObject","@id":"https:\/\/www.id-waste.com\/#logo","inLanguage":"es","url":"https:\/\/www.id-waste.com\/wp-content\/uploads\/2019\/02\/imagotip-quadrat-500px.png","contentUrl":"https:\/\/www.id-waste.com\/wp-content\/uploads\/2019\/02\/imagotip-quadrat-500px.png","width":600,"height":600,"caption":"id\u00b7waste"},"image":{"@id":"https:\/\/www.id-waste.com\/#logo"}},{"@type":"WebSite","@id":"https:\/\/www.id-waste.com\/#website","url":"https:\/\/www.id-waste.com\/","name":"id\u00b7waste","description":"Soluciones para la recogida selectiva domiciliaria y comercial","publisher":{"@id":"https:\/\/www.id-waste.com\/#organization"},"potentialAction":[{"@type":"SearchAction","target":{"@type":"EntryPoint","urlTemplate":"https:\/\/www.id-waste.com\/?s={search_term_string}"},"query-input":"required name=search_term_string"}],"inLanguage":"es"},{"@type":"ImageObject","@id":"https:\/\/www.id-waste.com\/producto\/delta-aluminio\/#primaryimage","inLanguage":"es","url":"https:\/\/www.id-waste.com\/binsandbags\/wp-content\/uploads\/2019\/03\/delta_alumini.jpg","contentUrl":"https:\/\/www.id-waste.com\/binsandbags\/wp-content\/uploads\/2019\/03\/delta_alumini.jpg","width":1570,"height":1571},{"@type":"WebPage","@id":"https:\/\/www.id-waste.com\/producto\/delta-aluminio\/#webpage","url":"https:\/\/www.id-waste.com\/producto\/delta-aluminio\/","name":"DELTA ALUMINIO &mdash; id\u00b7waste","isPartOf":{"@id":"https:\/\/www.id-waste.com\/#website"},"primaryImageOfPage":{"@id":"https:\/\/www.id-waste.com\/producto\/delta-aluminio\/#primaryimage"},"datePublished":"2019-03-13T15:49:50+00:00","dateModified":"2019-03-18T12:02:02+00:00","breadcrumb":{"@id":"https:\/\/www.id-waste.com\/producto\/delta-aluminio\/#breadcrumb"},"inLanguage":"es","potentialAction":[{"@type":"ReadAction","target":["https:\/\/www.id-waste.com\/producto\/delta-aluminio\/"]}]},{"@type":"BreadcrumbList","@id":"https:\/\/www.id-waste.com\/producto\/delta-aluminio\/#breadcrumb","itemListElement":[{"@type":"ListItem","position":1,"name":"Portada","item":"https:\/\/www.id-waste.com\/comingsoon\/"},{"@type":"ListItem","position":2,"name":"Producto","item":"https:\/\/www.id-waste.com\/binsandbags\/producto\/"},{"@type":"ListItem","position":3,"name":"DELTA ALUMINIO"}]}]}},"_links":{"self":[{"href":"https:\/\/www.id-waste.com\/binsandbags\/wp-json\/wp\/v2\/product\/846"}],"collection":[{"href":"https:\/\/www.id-waste.com\/binsandbags\/wp-json\/wp\/v2\/product"}],"about":[{"href":"https:\/\/www.id-waste.com\/binsandbags\/wp-json\/wp\/v2\/types\/product"}],"wp:featuredmedia":[{"embeddable":true,"href":"https:\/\/www.id-waste.com\/binsandbags\/wp-json\/wp\/v2\/media\/980"}],"wp:attachment":[{"href":"https:\/\/www.id-waste.com\/binsandbags\/wp-json\/wp\/v2\/media?parent=846"}],"wp:term":[{"taxonomy":"product_cat","embeddable":true,"href":"https:\/\/www.id-waste.com\/binsandbags\/wp-json\/wp\/v2\/product_cat?post=846"},{"taxonomy":"product_tag","embeddable":true,"href":"https:\/\/www.id-waste.com\/binsandbags\/wp-json\/wp\/v2\/product_tag?post=846"}],"curies":[{"name":"wp","href":"https:\/\/api.w.org\/{rel}","templated":true}]}}