{"id":14,"date":"2019-02-25T10:17:09","date_gmt":"2019-02-25T09:17:09","guid":{"rendered":"https:\/\/www.id-waste.com\/?page_id=14"},"modified":"2019-04-24T10:20:57","modified_gmt":"2019-04-24T08:20:57","slug":"politica-de-privacidad","status":"publish","type":"page","link":"https:\/\/www.id-waste.com\/binsandbags\/politica-de-privacidad\/","title":{"rendered":"Pol\u00edtica de privacidad"},"content":{"rendered":"\r\n<h2>Quienes somos<\/h2>\r\n\r\n\r\n\r\n<p>Nuestra direcci\u00f3n web es: https:\/\/www.id-waste.com.<\/p>\r\n\r\n\r\n\r\n<h2>Qu\u00e9 datos personales recogemos y por qu\u00e9<\/h2>\r\n\r\n\r\n\r\n<h3>Comentarios<\/h3>\r\n\r\n\r\n\r\n<p>Cuando los visitantes dejan comentarios en la web, recogemos los datos que se muestran en el formulario de contacto, as\u00ed como la direcci\u00f3n IP del visitante y la cadena del agente de usuario del navegador para ayudar a la detecci\u00f3n de mensajes basura.<\/p>\r\n\r\n\r\n\r\n<p>Una cadena anonimizada creada a partir del correo electr\u00f3nico (tambi\u00e9n nombrado un hash) puede proporcionarse al servicio Gravatar para ver si la ha usado. La pol\u00edtica de privacidad del servicio Gravatar est\u00e1 disponible aqu\u00ed: https:\/\/automattic.com\/privacy\/. Una vez aprobado el comentario, la imagen de su perfil es visible al p\u00fablico en el contexto del comentario.<\/p>\r\n\r\n\r\n\r\n<h3>Media<\/h3>\r\n\r\n\r\n\r\n<p>Si sube im\u00e1genes en el sitio web, debe evitar subir im\u00e1genes que incluyan datos de geolocalizaci\u00f3n (EXIF GPS) incrustadas. Los visitantes del sitio web pueden descargar y extraer cualquier informaci\u00f3n de las im\u00e1genes de la web.<\/p>\r\n\r\n\r\n\r\n<h3>Formularios de contacto<\/h3>\r\n\r\n\r\n\r\n<h3>Cookies<\/h3>\r\n\r\n\r\n\r\n<p>Si deja un comentario en la p\u00e1gina web, puede optar por guardar el nombre, la direcci\u00f3n de correo electr\u00f3nico y la p\u00e1gina web en las cookies. Esto es para su comodidad para que no deba cumplimentar los datos de nuevo al hacer otro comentario. Estas cookies durar\u00e1n un a\u00f1o.<\/p>\r\n\r\n\r\n\r\n<p>Si tiene una cuenta y accede en esta p\u00e1gina web, se definir\u00e1 una cookie temporal para determinar si el navegador acepta cookies. Esta cookie no contiene datos personales y se descartar\u00e1 al cerrar el navegador.<\/p>\r\n\r\n\r\n\r\n<p>Cuando inicie sesi\u00f3n, tambi\u00e9n se configurar\u00e1n varias cookies para guardar la informaci\u00f3n de inicio de sesi\u00f3n y las opciones de visualizaci\u00f3n de la pantalla. Las cookies de inicio de sesi\u00f3n duran dos d\u00edas, y las cookies de las opciones de pantalla duran un a\u00f1o. Si selecciona \u00abRecordarme\u00bb, el inicio de sesi\u00f3n persistir\u00e1 durante dos semanas. Si finaliza la sesi\u00f3n, las cookies de inicio de sesi\u00f3n ser\u00e1n suprimidas.<\/p>\r\n\r\n\r\n\r\n<p>Si edita o publica un art\u00edculo, una cookie adicional se guardar\u00e1 en el navegador. Esta cookie no incluye datos personales y simplemente indica el identificador de la entrada que acaba de editar. Expira despu\u00e9s de 1 d\u00eda.<\/p>\r\n\r\n\r\n\r\n<h3>Contenido incrustado de otros sitios web<\/h3>\r\n\r\n\r\n\r\n<p>Los art\u00edculos en esta p\u00e1gina web incluye contenido integrado (por ejemplo, v\u00eddeos, im\u00e1genes, art\u00edculos, etc.). El contenido incrustado desde otras p\u00e1ginas web se comporta exactamente de la misma manera como si el visitante estuviera visitando la otra p\u00e1gina web.<\/p>\r\n\r\n\r\n\r\n<p>Estas p\u00e1ginas web pueden recoger datos sobre vos, usar cookies, incrustar seguimiento adicional de terceras partes, y monitorizar la interacci\u00f3n con el contenido integrado, incluyendo la traza de la interacci\u00f3n con el contenido incrustado si tiene una cuenta y est\u00e1 conectado en esta p\u00e1gina web.<\/p>\r\n\r\n\r\n\r\n<h3>Anal\u00edticas<\/h3>\r\n\r\n\r\n\r\n<h2>Con qui\u00e9n compartimos sus datos<\/h2>\r\n\r\n\r\n\r\n<h2>Cu\u00e1nto tiempo retenemos los datos<\/h2>\r\n\r\n\r\n\r\n<p>Si deja un comentario, el comentario y sus datos meta se retienen indefinidamente. Esto es para poder reconocer y aprobar autom\u00e1ticamente cualquier comentario de seguimiento en lugar de mantenerlos en la cola de moderaci\u00f3n.<\/p>\r\n\r\n\r\n\r\n<p>Para los usuarios que se registran en la web (si hay), tambi\u00e9n almacenamos la informaci\u00f3n personal que proporcionan a su perfil de usuario. Todos los usuarios pueden ver, editar o eliminar su informaci\u00f3n personal en cualquier momento (excepto que no pueden cambiar su nombre de usuario). Los administradores de la p\u00e1gina web pueden tambi\u00e9n editar esta informaci\u00f3n.<\/p>\r\n\r\n\r\n\r\n<h2>Qu\u00e9 derechos tiene sobre sus datos<\/h2>\r\n\r\n\r\n\r\n<p>Si tiene una cuenta en este sitio web o ha dejado comentarios, puede solicitar que le env\u00eden un fichero de exportaci\u00f3n de sus datos personales, incluyendo todos los datos que nos haya proporcionado. Tambi\u00e9n puede pedir que borremos cualquier dato personal vuestro que tengamos. Esto no incluye los datos que estemos obligados a conservar con prop\u00f3sitos administrativos, legales o de seguridad.<\/p>\r\n\r\n\r\n\r\n<h2>Donde enviamos sus datos<\/h2>\r\n\r\n\r\n\r\n<p>Los comentarios de los visitantes deben ser comprobados mediante un servicio de detecci\u00f3n de basura automatizado.<\/p>\r\n\r\n\r\n\r\n<h2>Informaci\u00f3n de contacto<\/h2>\r\n\r\n\r\n\r\n<h2>Informaci\u00f3n adicional<\/h2>\r\n\r\n\r\n\r\n<h3>C\u00f3mo protegemos sus datos<\/h3>\r\n\r\n\r\n\r\n<h3>Qu\u00e9 procedimientos de incumplimiento de datos tenemos en el sitio<\/h3>\r\n\r\n\r\n\r\n<h3>De qu\u00e9 terceros recibimos datos<\/h3>\r\n\r\n\r\n\r\n<h3>Qu\u00e9 toma de decisiones automatizada y\/o perfil hacemos con los datos del usuario<\/h3>\r\n\r\n\r\n\r\n<h3>Requisitos de divulgaci\u00f3n reglamentaria de la industria<\/h3>\r\n","protected":false},"excerpt":{"rendered":"<p>Quienes somos Nuestra direcci\u00f3n web es: https:\/\/www.id-waste.com. Qu\u00e9 datos personales recogemos y por qu\u00e9 Comentarios Cuando los visitantes dejan comentarios en la web, recogemos los datos que se muestran en el formulario de contacto, as\u00ed como la direcci\u00f3n IP del visitante y la cadena del agente de usuario del navegador para ayudar a la detecci\u00f3n [&hellip;]<\/p>\n","protected":false},"author":1,"featured_media":0,"parent":0,"menu_order":37,"comment_status":"closed","ping_status":"closed","template":"","meta":{"_et_pb_use_builder":"","_et_pb_old_content":"","_et_gb_content_width":""},"yoast_head":"<!-- This site is optimized with the Yoast SEO plugin v17.6 - https:\/\/yoast.com\/wordpress\/plugins\/seo\/ -->\n<title>Pol\u00edtica de privacidad &mdash; id\u00b7waste<\/title>\n<meta name=\"robots\" content=\"index, follow, max-snippet:-1, max-image-preview:large, max-video-preview:-1\" \/>\n<link rel=\"canonical\" href=\"https:\/\/www.id-waste.com\/politica-de-privacidad\/\" \/>\n<meta property=\"og:locale\" content=\"es_ES\" \/>\n<meta property=\"og:type\" content=\"article\" \/>\n<meta property=\"og:title\" content=\"Pol\u00edtica de privacidad &mdash; id\u00b7waste\" \/>\n<meta property=\"og:description\" content=\"Quienes somos Nuestra direcci\u00f3n web es: https:\/\/www.id-waste.com. Qu\u00e9 datos personales recogemos y por qu\u00e9 Comentarios Cuando los visitantes dejan comentarios en la web, recogemos los datos que se muestran en el formulario de contacto, as\u00ed como la direcci\u00f3n IP del visitante y la cadena del agente de usuario del navegador para ayudar a la detecci\u00f3n [&hellip;]\" \/>\n<meta property=\"og:url\" content=\"https:\/\/www.id-waste.com\/politica-de-privacidad\/\" \/>\n<meta property=\"og:site_name\" content=\"id\u00b7waste\" \/>\n<meta property=\"article:modified_time\" content=\"2019-04-24T08:20:57+00:00\" \/>\n<meta name=\"twitter:card\" content=\"summary_large_image\" \/>\n<meta name=\"twitter:label1\" content=\"Tiempo de lectura\" \/>\n\t<meta name=\"twitter:data1\" content=\"4 minutos\" \/>\n<script type=\"application\/ld+json\" class=\"yoast-schema-graph\">{\"@context\":\"https:\/\/schema.org\",\"@graph\":[{\"@type\":\"Organization\",\"@id\":\"https:\/\/www.id-waste.com\/#organization\",\"name\":\"id\\u00b7waste\",\"url\":\"https:\/\/www.id-waste.com\/\",\"sameAs\":[],\"logo\":{\"@type\":\"ImageObject\",\"@id\":\"https:\/\/www.id-waste.com\/#logo\",\"inLanguage\":\"es\",\"url\":\"https:\/\/www.id-waste.com\/wp-content\/uploads\/2019\/02\/imagotip-quadrat-500px.png\",\"contentUrl\":\"https:\/\/www.id-waste.com\/wp-content\/uploads\/2019\/02\/imagotip-quadrat-500px.png\",\"width\":600,\"height\":600,\"caption\":\"id\\u00b7waste\"},\"image\":{\"@id\":\"https:\/\/www.id-waste.com\/#logo\"}},{\"@type\":\"WebSite\",\"@id\":\"https:\/\/www.id-waste.com\/#website\",\"url\":\"https:\/\/www.id-waste.com\/\",\"name\":\"id\\u00b7waste\",\"description\":\"Soluciones para la recogida selectiva domiciliaria y comercial\",\"publisher\":{\"@id\":\"https:\/\/www.id-waste.com\/#organization\"},\"potentialAction\":[{\"@type\":\"SearchAction\",\"target\":{\"@type\":\"EntryPoint\",\"urlTemplate\":\"https:\/\/www.id-waste.com\/?s={search_term_string}\"},\"query-input\":\"required name=search_term_string\"}],\"inLanguage\":\"es\"},{\"@type\":\"WebPage\",\"@id\":\"https:\/\/www.id-waste.com\/politica-de-privacidad\/#webpage\",\"url\":\"https:\/\/www.id-waste.com\/politica-de-privacidad\/\",\"name\":\"Pol\\u00edtica de privacidad &mdash; id\\u00b7waste\",\"isPartOf\":{\"@id\":\"https:\/\/www.id-waste.com\/#website\"},\"datePublished\":\"2019-02-25T09:17:09+00:00\",\"dateModified\":\"2019-04-24T08:20:57+00:00\",\"breadcrumb\":{\"@id\":\"https:\/\/www.id-waste.com\/politica-de-privacidad\/#breadcrumb\"},\"inLanguage\":\"es\",\"potentialAction\":[{\"@type\":\"ReadAction\",\"target\":[\"https:\/\/www.id-waste.com\/politica-de-privacidad\/\"]}]},{\"@type\":\"BreadcrumbList\",\"@id\":\"https:\/\/www.id-waste.com\/politica-de-privacidad\/#breadcrumb\",\"itemListElement\":[{\"@type\":\"ListItem\",\"position\":1,\"name\":\"Portada\",\"item\":\"https:\/\/www.id-waste.com\/comingsoon\/\"},{\"@type\":\"ListItem\",\"position\":2,\"name\":\"Pol\\u00edtica de privacidad\"}]}]}<\/script>\n<!-- \/ Yoast SEO plugin. -->","yoast_head_json":{"title":"Pol\u00edtica de privacidad &mdash; id\u00b7waste","robots":{"index":"index","follow":"follow","max-snippet":"max-snippet:-1","max-image-preview":"max-image-preview:large","max-video-preview":"max-video-preview:-1"},"canonical":"https:\/\/www.id-waste.com\/politica-de-privacidad\/","og_locale":"es_ES","og_type":"article","og_title":"Pol\u00edtica de privacidad &mdash; id\u00b7waste","og_description":"Quienes somos Nuestra direcci\u00f3n web es: https:\/\/www.id-waste.com. Qu\u00e9 datos personales recogemos y por qu\u00e9 Comentarios Cuando los visitantes dejan comentarios en la web, recogemos los datos que se muestran en el formulario de contacto, as\u00ed como la direcci\u00f3n IP del visitante y la cadena del agente de usuario del navegador para ayudar a la detecci\u00f3n [&hellip;]","og_url":"https:\/\/www.id-waste.com\/politica-de-privacidad\/","og_site_name":"id\u00b7waste","article_modified_time":"2019-04-24T08:20:57+00:00","twitter_card":"summary_large_image","twitter_misc":{"Tiempo de lectura":"4 minutos"},"schema":{"@context":"https:\/\/schema.org","@graph":[{"@type":"Organization","@id":"https:\/\/www.id-waste.com\/#organization","name":"id\u00b7waste","url":"https:\/\/www.id-waste.com\/","sameAs":[],"logo":{"@type":"ImageObject","@id":"https:\/\/www.id-waste.com\/#logo","inLanguage":"es","url":"https:\/\/www.id-waste.com\/wp-content\/uploads\/2019\/02\/imagotip-quadrat-500px.png","contentUrl":"https:\/\/www.id-waste.com\/wp-content\/uploads\/2019\/02\/imagotip-quadrat-500px.png","width":600,"height":600,"caption":"id\u00b7waste"},"image":{"@id":"https:\/\/www.id-waste.com\/#logo"}},{"@type":"WebSite","@id":"https:\/\/www.id-waste.com\/#website","url":"https:\/\/www.id-waste.com\/","name":"id\u00b7waste","description":"Soluciones para la recogida selectiva domiciliaria y comercial","publisher":{"@id":"https:\/\/www.id-waste.com\/#organization"},"potentialAction":[{"@type":"SearchAction","target":{"@type":"EntryPoint","urlTemplate":"https:\/\/www.id-waste.com\/?s={search_term_string}"},"query-input":"required name=search_term_string"}],"inLanguage":"es"},{"@type":"WebPage","@id":"https:\/\/www.id-waste.com\/politica-de-privacidad\/#webpage","url":"https:\/\/www.id-waste.com\/politica-de-privacidad\/","name":"Pol\u00edtica de privacidad &mdash; id\u00b7waste","isPartOf":{"@id":"https:\/\/www.id-waste.com\/#website"},"datePublished":"2019-02-25T09:17:09+00:00","dateModified":"2019-04-24T08:20:57+00:00","breadcrumb":{"@id":"https:\/\/www.id-waste.com\/politica-de-privacidad\/#breadcrumb"},"inLanguage":"es","potentialAction":[{"@type":"ReadAction","target":["https:\/\/www.id-waste.com\/politica-de-privacidad\/"]}]},{"@type":"BreadcrumbList","@id":"https:\/\/www.id-waste.com\/politica-de-privacidad\/#breadcrumb","itemListElement":[{"@type":"ListItem","position":1,"name":"Portada","item":"https:\/\/www.id-waste.com\/comingsoon\/"},{"@type":"ListItem","position":2,"name":"Pol\u00edtica de privacidad"}]}]}},"_links":{"self":[{"href":"https:\/\/www.id-waste.com\/binsandbags\/wp-json\/wp\/v2\/pages\/14"}],"collection":[{"href":"https:\/\/www.id-waste.com\/binsandbags\/wp-json\/wp\/v2\/pages"}],"about":[{"href":"https:\/\/www.id-waste.com\/binsandbags\/wp-json\/wp\/v2\/types\/page"}],"author":[{"embeddable":true,"href":"https:\/\/www.id-waste.com\/binsandbags\/wp-json\/wp\/v2\/users\/1"}],"replies":[{"embeddable":true,"href":"https:\/\/www.id-waste.com\/binsandbags\/wp-json\/wp\/v2\/comments?post=14"}],"version-history":[{"count":7,"href":"https:\/\/www.id-waste.com\/binsandbags\/wp-json\/wp\/v2\/pages\/14\/revisions"}],"predecessor-version":[{"id":1222,"href":"https:\/\/www.id-waste.com\/binsandbags\/wp-json\/wp\/v2\/pages\/14\/revisions\/1222"}],"wp:attachment":[{"href":"https:\/\/www.id-waste.com\/binsandbags\/wp-json\/wp\/v2\/media?parent=14"}],"curies":[{"name":"wp","href":"https:\/\/api.w.org\/{rel}","templated":true}]}}