{"id":1214,"date":"2019-04-24T09:53:57","date_gmt":"2019-04-24T07:53:57","guid":{"rendered":"https:\/\/www.id-waste.com\/contacte\/"},"modified":"2021-10-14T09:56:27","modified_gmt":"2021-10-14T07:56:27","slug":"contacte","status":"publish","type":"page","link":"https:\/\/www.id-waste.com\/binsandbags\/contacte\/?lang=ca","title":{"rendered":"Contacte"},"content":{"rendered":"<p>[et_pb_section fb_built=\u00bb1&#8243; _builder_version=\u00bb3.22.3&#8243; custom_padding=\u00bb54px|0px|0|0px|false|false\u00bb saved_tabs=\u00bball\u00bb][et_pb_row custom_padding=\u00bb27px|0px|24px|0px|false|false\u00bb _builder_version=\u00bb3.22.3&#8243;][et_pb_column type=\u00bb4_4&#8243; _builder_version=\u00bb3.19.14&#8243;][et_pb_text _builder_version=\u00bb3.19.14&#8243; text_font=\u00bbInter Regular||||||||\u00bb text_text_color=\u00bb#000000&#8243; text_font_size=\u00bb16px\u00bb header_font=\u00bb||||||||\u00bb header_2_font=\u00bb|700||on|||||\u00bb header_2_text_align=\u00bbcenter\u00bb text_orientation=\u00bbcenter\u00bb]<\/p>\n<h2>Contacte<\/h2>\n<p>[\/et_pb_text][\/et_pb_column][\/et_pb_row][et_pb_row custom_padding=\u00bb27px|0px|80px|0px|false|false\u00bb _builder_version=\u00bb3.22.3&#8243;][et_pb_column type=\u00bb1_4&#8243; _builder_version=\u00bb3.19.14&#8243;][et_pb_blurb image=\u00bbhttps:\/\/www.id-waste.com\/wp-content\/uploads\/2019\/05\/icones_contacte-01.png\u00bb image_max_width=\u00bb43%\u00bb _builder_version=\u00bb3.22.7&#8243; header_font=\u00bb||||||||\u00bb header_text_align=\u00bbcenter\u00bb header_line_height=\u00bb1.4em\u00bb body_font=\u00bb||||||||\u00bb body_text_align=\u00bbcenter\u00bb text_orientation=\u00bbcenter\u00bb filter_opacity__hover_enabled=\u00bbon\u00bb filter_opacity__hover=\u00bb30%\u00bb child_filter_blur__hover_enabled=\u00bbon\u00bb child_filter_blur__hover=\u00bb2px\u00bb]<\/p>\n<p style=\"text-align: center;\">TEL\u00c8FON<\/p>\n<h4 style=\"text-align: center;\">93 674 03 94<\/h4>\n<p>[\/et_pb_blurb][\/et_pb_column][et_pb_column type=\u00bb1_4&#8243; _builder_version=\u00bb3.19.14&#8243;][et_pb_blurb url=\u00bbmailto:emma@id-waste.com\u00bb url_new_window=\u00bbon\u00bb image=\u00bbhttps:\/\/www.id-waste.com\/wp-content\/uploads\/2019\/05\/icones_contacte-02.png\u00bb image_max_width=\u00bb43%\u00bb _builder_version=\u00bb3.22.7&#8243; header_font=\u00bbInter Black||||||||\u00bb header_text_align=\u00bbcenter\u00bb header_font_size=\u00bb17px\u00bb header_line_height=\u00bb1.4em\u00bb body_font=\u00bbInter Regular||||||||\u00bb text_orientation=\u00bbcenter\u00bb animation_style=\u00bbzoom\u00bb animation_duration=\u00bb600ms\u00bb link_option_url=\u00bbmailto:emma@id-waste.com\u00bb link_option_url_new_window=\u00bbon\u00bb filter_opacity__hover_enabled=\u00bbon\u00bb filter_opacity__hover=\u00bb30%\u00bb child_filter_blur__hover_enabled=\u00bbon\u00bb child_filter_blur__hover=\u00bb2px\u00bb]<\/p>\n<p>CORREU ELECTR\u00d2NIC<\/p>\n<h4><a href=\"mailto:idwaste@id-waste.com\">idwaste@id-waste.com<\/a><\/h4>\n<p>[\/et_pb_blurb][\/et_pb_column][et_pb_column type=\u00bb1_4&#8243; _builder_version=\u00bb3.19.14&#8243;][et_pb_blurb url=\u00bbhttps:\/\/goo.gl\/maps\/w8AJvKAHJyaRFfSb9&#8243; url_new_window=\u00bbon\u00bb image=\u00bbhttps:\/\/www.id-waste.com\/wp-content\/uploads\/2019\/06\/localitzacio-03.png\u00bb image_max_width=\u00bb43%\u00bb _builder_version=\u00bb3.22.7&#8243; header_font=\u00bbInter Black||||||||\u00bb header_text_align=\u00bbcenter\u00bb header_font_size=\u00bb17px\u00bb header_line_height=\u00bb1.4em\u00bb body_font=\u00bbInter Regular||||||||\u00bb text_orientation=\u00bbcenter\u00bb animation_style=\u00bbzoom\u00bb animation_duration=\u00bb600ms\u00bb link_option_url=\u00bbhttps:\/\/goo.gl\/maps\/w8AJvKAHJyaRFfSb9&#8243; link_option_url_new_window=\u00bbon\u00bb filter_opacity__hover_enabled=\u00bbon\u00bb filter_opacity__hover=\u00bb30%\u00bb child_filter_blur__hover_enabled=\u00bbon\u00bb child_filter_blur__hover=\u00bb2px\u00bb]<\/p>\n<p>ADRE\u00c7A<\/p>\n<h4><strong>C\/ Sant Antoni, 46<br \/><\/strong>08172, Sant Cugat del Vall\u00e8s (Barcelona)<\/h4>\n<p>[\/et_pb_blurb][\/et_pb_column][et_pb_column type=\u00bb1_4&#8243; _builder_version=\u00bb3.19.14&#8243;][et_pb_blurb url=\u00bbhttps:\/\/es.linkedin.com\/company\/id-waste-sl\u00bb url_new_window=\u00bbon\u00bb image=\u00bbhttps:\/\/www.id-waste.com\/wp-content\/uploads\/2020\/09\/linkedin.png\u00bb image_max_width=\u00bb43%\u00bb _builder_version=\u00bb3.22.7&#8243; header_font=\u00bbInter Black||||||||\u00bb header_text_align=\u00bbcenter\u00bb header_font_size=\u00bb17px\u00bb header_line_height=\u00bb1.4em\u00bb body_font=\u00bbInter Regular||||||||\u00bb text_orientation=\u00bbcenter\u00bb animation_style=\u00bbzoom\u00bb animation_duration=\u00bb600ms\u00bb link_option_url=\u00bbhttps:\/\/es.linkedin.com\/company\/id-waste-sl\u00bb link_option_url_new_window=\u00bbon\u00bb child_filter_opacity__hover_enabled=\u00bbon\u00bb child_filter_opacity__hover=\u00bb100%\u00bb filter_opacity__hover_enabled=\u00bbon\u00bb filter_opacity__hover=\u00bb30%\u00bb child_filter_blur__hover_enabled=\u00bbon\u00bb child_filter_blur__hover=\u00bb2px\u00bb]<\/p>\n<p>LINKEDIN<\/p>\n<h4><b>ID\u00b7WASTE<\/b><\/h4>\n<p>[\/et_pb_blurb][\/et_pb_column][\/et_pb_row][et_pb_row use_custom_gutter=\u00bbon\u00bb gutter_width=\u00bb1&#8243; custom_padding=\u00bb69px|0px|79px|0px|false|false\u00bb custom_margin=\u00bb0px||0px\u00bb module_class=\u00bb et_pb_row_fullwidth\u00bb _builder_version=\u00bb3.22.3&#8243; background_color=\u00bb#f3703c\u00bb use_background_color_gradient=\u00bbon\u00bb background_color_gradient_start=\u00bb#f3703c\u00bb background_color_gradient_end=\u00bb#da086f\u00bb background_color_gradient_direction=\u00bb315deg\u00bb background_image=\u00bbhttps:\/\/www.id-waste.com\/wp-content\/uploads\/2019\/02\/foto-idwastetech-1500px.jpg\u00bb background_blend=\u00bbmultiply\u00bb width=\u00bb100%\u00bb width_tablet=\u00bb100%\u00bb width_last_edited=\u00bbon|desktop\u00bb max_width=\u00bb100%\u00bb max_width_tablet=\u00bb100%\u00bb max_width_last_edited=\u00bbon|desktop\u00bb make_fullwidth=\u00bbon\u00bb][et_pb_column type=\u00bb1_5&#8243; _builder_version=\u00bb3.19.14&#8243;][\/et_pb_column][et_pb_column type=\u00bb3_5&#8243; _builder_version=\u00bb3.19.14&#8243;][et_pb_contact_form custom_message=\u00bbNom: %%Nom%%||et_pb_line_break_holder||Correu: %%Email%%||et_pb_line_break_holder||Missatge: %%Missatge%%\u00bb success_message=\u00bbMissatge enviat!\u00bb submit_button_text=\u00bbEnviar\u00bb form_background_color=\u00bbrgba(255,255,255,0.4)\u00bb _builder_version=\u00bb3.19.14&#8243; title_font=\u00bb||||||||\u00bb title_text_color=\u00bb#ffffff\u00bb title_font_size=\u00bb22px\u00bb form_field_font=\u00bb||||||||\u00bb form_field_text_color=\u00bb#ffffff\u00bb form_field_font_size=\u00bb17px\u00bb custom_button=\u00bbon\u00bb button_text_color=\u00bb#ffffff\u00bb button_font=\u00bb|700|||||||\u00bb button_icon=\u00bb%%109%%\u00bb button_icon_placement=\u00bbleft\u00bb text_orientation=\u00bbleft\u00bb module_alignment=\u00bbcenter\u00bb custom_margin=\u00bb||\u00bb custom_padding=\u00bb|20px||20px||true\u00bb custom_css_captcha_label=\u00bbcolor:#FFF;\u00bb][et_pb_contact_field field_id=\u00bbNom\u00bb field_title=\u00bbNom\u00bb _builder_version=\u00bb3.19.14&#8243; form_field_font=\u00bbInter Regular||||||||\u00bb border_radii=\u00bbon||||\u00bb button_text_size__hover_enabled=\u00bboff\u00bb button_one_text_size__hover_enabled=\u00bboff\u00bb button_two_text_size__hover_enabled=\u00bboff\u00bb button_text_color__hover_enabled=\u00bboff\u00bb button_one_text_color__hover_enabled=\u00bboff\u00bb button_two_text_color__hover_enabled=\u00bboff\u00bb button_border_width__hover_enabled=\u00bboff\u00bb button_one_border_width__hover_enabled=\u00bboff\u00bb button_two_border_width__hover_enabled=\u00bboff\u00bb button_border_color__hover_enabled=\u00bboff\u00bb button_one_border_color__hover_enabled=\u00bboff\u00bb button_two_border_color__hover_enabled=\u00bboff\u00bb button_border_radius__hover_enabled=\u00bboff\u00bb button_one_border_radius__hover_enabled=\u00bboff\u00bb button_two_border_radius__hover_enabled=\u00bboff\u00bb button_letter_spacing__hover_enabled=\u00bboff\u00bb button_one_letter_spacing__hover_enabled=\u00bboff\u00bb button_two_letter_spacing__hover_enabled=\u00bboff\u00bb button_bg_color__hover_enabled=\u00bboff\u00bb button_one_bg_color__hover_enabled=\u00bboff\u00bb button_two_bg_color__hover_enabled=\u00bboff\u00bb][\/et_pb_contact_field][et_pb_contact_field field_id=\u00bbEmail\u00bb field_title=\u00bbCorreu electr\u00f2nic\u00bb field_type=\u00bbemail\u00bb _builder_version=\u00bb3.19.14&#8243; form_field_font=\u00bbInter Regular||||||||\u00bb border_radii=\u00bbon||||\u00bb button_text_size__hover_enabled=\u00bboff\u00bb button_one_text_size__hover_enabled=\u00bboff\u00bb button_two_text_size__hover_enabled=\u00bboff\u00bb button_text_color__hover_enabled=\u00bboff\u00bb button_one_text_color__hover_enabled=\u00bboff\u00bb button_two_text_color__hover_enabled=\u00bboff\u00bb button_border_width__hover_enabled=\u00bboff\u00bb button_one_border_width__hover_enabled=\u00bboff\u00bb button_two_border_width__hover_enabled=\u00bboff\u00bb button_border_color__hover_enabled=\u00bboff\u00bb button_one_border_color__hover_enabled=\u00bboff\u00bb button_two_border_color__hover_enabled=\u00bboff\u00bb button_border_radius__hover_enabled=\u00bboff\u00bb button_one_border_radius__hover_enabled=\u00bboff\u00bb button_two_border_radius__hover_enabled=\u00bboff\u00bb button_letter_spacing__hover_enabled=\u00bboff\u00bb button_one_letter_spacing__hover_enabled=\u00bboff\u00bb button_two_letter_spacing__hover_enabled=\u00bboff\u00bb button_bg_color__hover_enabled=\u00bboff\u00bb button_one_bg_color__hover_enabled=\u00bboff\u00bb button_two_bg_color__hover_enabled=\u00bboff\u00bb][\/et_pb_contact_field][et_pb_contact_field field_id=\u00bbMissatge\u00bb field_title=\u00bbMissatge\u00bb field_type=\u00bbtext\u00bb fullwidth_field=\u00bbon\u00bb _builder_version=\u00bb3.19.14&#8243; form_field_font=\u00bbInter Regular||||||||\u00bb border_radii=\u00bbon||||\u00bb button_text_size__hover_enabled=\u00bboff\u00bb button_one_text_size__hover_enabled=\u00bboff\u00bb button_two_text_size__hover_enabled=\u00bboff\u00bb button_text_color__hover_enabled=\u00bboff\u00bb button_one_text_color__hover_enabled=\u00bboff\u00bb button_two_text_color__hover_enabled=\u00bboff\u00bb button_border_width__hover_enabled=\u00bboff\u00bb button_one_border_width__hover_enabled=\u00bboff\u00bb button_two_border_width__hover_enabled=\u00bboff\u00bb button_border_color__hover_enabled=\u00bboff\u00bb button_one_border_color__hover_enabled=\u00bboff\u00bb button_two_border_color__hover_enabled=\u00bboff\u00bb button_border_radius__hover_enabled=\u00bboff\u00bb button_one_border_radius__hover_enabled=\u00bboff\u00bb button_two_border_radius__hover_enabled=\u00bboff\u00bb button_letter_spacing__hover_enabled=\u00bboff\u00bb button_one_letter_spacing__hover_enabled=\u00bboff\u00bb button_two_letter_spacing__hover_enabled=\u00bboff\u00bb button_bg_color__hover_enabled=\u00bboff\u00bb button_one_bg_color__hover_enabled=\u00bboff\u00bb button_two_bg_color__hover_enabled=\u00bboff\u00bb][\/et_pb_contact_field][\/et_pb_contact_form][\/et_pb_column][et_pb_column type=\u00bb1_5&#8243; _builder_version=\u00bb3.19.14&#8243;][\/et_pb_column][\/et_pb_row][\/et_pb_section]<\/p>\n","protected":false},"excerpt":{"rendered":"<p>ContacteTEL\u00c8FON 93 674 03 94CORREU ELECTR\u00d2NIC idwaste@id-waste.com ADRE\u00c7A C\/ Sant Antoni, 4608172, Sant Cugat del Vall\u00e8s (Barcelona)LINKEDIN ID\u00b7WASTE<\/p>\n","protected":false},"author":1,"featured_media":0,"parent":0,"menu_order":32,"comment_status":"closed","ping_status":"closed","template":"","meta":{"_et_pb_use_builder":"on","_et_pb_old_content":"","_et_gb_content_width":""},"yoast_head":"<!-- This site is optimized with the Yoast SEO plugin v17.6 - https:\/\/yoast.com\/wordpress\/plugins\/seo\/ -->\n<title>Contacte &mdash; id\u00b7waste<\/title>\n<meta name=\"robots\" content=\"index, follow, max-snippet:-1, max-image-preview:large, max-video-preview:-1\" \/>\n<link rel=\"canonical\" href=\"https:\/\/www.id-waste.com\/contacte\/\" \/>\n<meta property=\"og:locale\" content=\"es_ES\" \/>\n<meta property=\"og:type\" content=\"article\" \/>\n<meta property=\"og:title\" content=\"Contacte &mdash; id\u00b7waste\" \/>\n<meta property=\"og:description\" content=\"ContacteTEL\u00c8FON 93 674 03 94CORREU ELECTR\u00d2NIC idwaste@id-waste.com ADRE\u00c7A C\/ Sant Antoni, 4608172, Sant Cugat del Vall\u00e8s (Barcelona)LINKEDIN ID\u00b7WASTE\" \/>\n<meta property=\"og:url\" content=\"https:\/\/www.id-waste.com\/contacte\/?lang=ca\" \/>\n<meta property=\"og:site_name\" content=\"id\u00b7waste\" \/>\n<meta property=\"article:modified_time\" content=\"2021-10-14T07:56:27+00:00\" \/>\n<meta name=\"twitter:card\" content=\"summary_large_image\" \/>\n<meta name=\"twitter:label1\" content=\"Tiempo de lectura\" \/>\n\t<meta name=\"twitter:data1\" content=\"6 minutos\" \/>\n<script type=\"application\/ld+json\" class=\"yoast-schema-graph\">{\"@context\":\"https:\/\/schema.org\",\"@graph\":[{\"@type\":\"Organization\",\"@id\":\"https:\/\/www.id-waste.com\/#organization\",\"name\":\"id\\u00b7waste\",\"url\":\"https:\/\/www.id-waste.com\/\",\"sameAs\":[],\"logo\":{\"@type\":\"ImageObject\",\"@id\":\"https:\/\/www.id-waste.com\/#logo\",\"inLanguage\":\"es\",\"url\":\"https:\/\/www.id-waste.com\/wp-content\/uploads\/2019\/02\/imagotip-quadrat-500px.png\",\"contentUrl\":\"https:\/\/www.id-waste.com\/wp-content\/uploads\/2019\/02\/imagotip-quadrat-500px.png\",\"width\":600,\"height\":600,\"caption\":\"id\\u00b7waste\"},\"image\":{\"@id\":\"https:\/\/www.id-waste.com\/#logo\"}},{\"@type\":\"WebSite\",\"@id\":\"https:\/\/www.id-waste.com\/#website\",\"url\":\"https:\/\/www.id-waste.com\/\",\"name\":\"id\\u00b7waste\",\"description\":\"Soluciones para la recogida selectiva domiciliaria y comercial\",\"publisher\":{\"@id\":\"https:\/\/www.id-waste.com\/#organization\"},\"potentialAction\":[{\"@type\":\"SearchAction\",\"target\":{\"@type\":\"EntryPoint\",\"urlTemplate\":\"https:\/\/www.id-waste.com\/?s={search_term_string}\"},\"query-input\":\"required name=search_term_string\"}],\"inLanguage\":\"es\"},{\"@type\":\"WebPage\",\"@id\":\"https:\/\/www.id-waste.com\/contacte\/?lang=ca#webpage\",\"url\":\"https:\/\/www.id-waste.com\/contacte\/?lang=ca\",\"name\":\"Contacte &mdash; id\\u00b7waste\",\"isPartOf\":{\"@id\":\"https:\/\/www.id-waste.com\/#website\"},\"datePublished\":\"2019-04-24T07:53:57+00:00\",\"dateModified\":\"2021-10-14T07:56:27+00:00\",\"breadcrumb\":{\"@id\":\"https:\/\/www.id-waste.com\/contacte\/?lang=ca#breadcrumb\"},\"inLanguage\":\"es\",\"potentialAction\":[{\"@type\":\"ReadAction\",\"target\":[\"https:\/\/www.id-waste.com\/contacte\/?lang=ca\"]}]},{\"@type\":\"BreadcrumbList\",\"@id\":\"https:\/\/www.id-waste.com\/contacte\/?lang=ca#breadcrumb\",\"itemListElement\":[{\"@type\":\"ListItem\",\"position\":1,\"name\":\"Portada\",\"item\":\"https:\/\/www.id-waste.com\/comingsoon\/\"},{\"@type\":\"ListItem\",\"position\":2,\"name\":\"Contacte\"}]}]}<\/script>\n<!-- \/ Yoast SEO plugin. -->","yoast_head_json":{"title":"Contacte &mdash; id\u00b7waste","robots":{"index":"index","follow":"follow","max-snippet":"max-snippet:-1","max-image-preview":"max-image-preview:large","max-video-preview":"max-video-preview:-1"},"canonical":"https:\/\/www.id-waste.com\/contacte\/","og_locale":"es_ES","og_type":"article","og_title":"Contacte &mdash; id\u00b7waste","og_description":"ContacteTEL\u00c8FON 93 674 03 94CORREU ELECTR\u00d2NIC idwaste@id-waste.com ADRE\u00c7A C\/ Sant Antoni, 4608172, Sant Cugat del Vall\u00e8s (Barcelona)LINKEDIN ID\u00b7WASTE","og_url":"https:\/\/www.id-waste.com\/contacte\/?lang=ca","og_site_name":"id\u00b7waste","article_modified_time":"2021-10-14T07:56:27+00:00","twitter_card":"summary_large_image","twitter_misc":{"Tiempo de lectura":"6 minutos"},"schema":{"@context":"https:\/\/schema.org","@graph":[{"@type":"Organization","@id":"https:\/\/www.id-waste.com\/#organization","name":"id\u00b7waste","url":"https:\/\/www.id-waste.com\/","sameAs":[],"logo":{"@type":"ImageObject","@id":"https:\/\/www.id-waste.com\/#logo","inLanguage":"es","url":"https:\/\/www.id-waste.com\/wp-content\/uploads\/2019\/02\/imagotip-quadrat-500px.png","contentUrl":"https:\/\/www.id-waste.com\/wp-content\/uploads\/2019\/02\/imagotip-quadrat-500px.png","width":600,"height":600,"caption":"id\u00b7waste"},"image":{"@id":"https:\/\/www.id-waste.com\/#logo"}},{"@type":"WebSite","@id":"https:\/\/www.id-waste.com\/#website","url":"https:\/\/www.id-waste.com\/","name":"id\u00b7waste","description":"Soluciones para la recogida selectiva domiciliaria y comercial","publisher":{"@id":"https:\/\/www.id-waste.com\/#organization"},"potentialAction":[{"@type":"SearchAction","target":{"@type":"EntryPoint","urlTemplate":"https:\/\/www.id-waste.com\/?s={search_term_string}"},"query-input":"required name=search_term_string"}],"inLanguage":"es"},{"@type":"WebPage","@id":"https:\/\/www.id-waste.com\/contacte\/?lang=ca#webpage","url":"https:\/\/www.id-waste.com\/contacte\/?lang=ca","name":"Contacte &mdash; id\u00b7waste","isPartOf":{"@id":"https:\/\/www.id-waste.com\/#website"},"datePublished":"2019-04-24T07:53:57+00:00","dateModified":"2021-10-14T07:56:27+00:00","breadcrumb":{"@id":"https:\/\/www.id-waste.com\/contacte\/?lang=ca#breadcrumb"},"inLanguage":"es","potentialAction":[{"@type":"ReadAction","target":["https:\/\/www.id-waste.com\/contacte\/?lang=ca"]}]},{"@type":"BreadcrumbList","@id":"https:\/\/www.id-waste.com\/contacte\/?lang=ca#breadcrumb","itemListElement":[{"@type":"ListItem","position":1,"name":"Portada","item":"https:\/\/www.id-waste.com\/comingsoon\/"},{"@type":"ListItem","position":2,"name":"Contacte"}]}]}},"_links":{"self":[{"href":"https:\/\/www.id-waste.com\/binsandbags\/wp-json\/wp\/v2\/pages\/1214"}],"collection":[{"href":"https:\/\/www.id-waste.com\/binsandbags\/wp-json\/wp\/v2\/pages"}],"about":[{"href":"https:\/\/www.id-waste.com\/binsandbags\/wp-json\/wp\/v2\/types\/page"}],"author":[{"embeddable":true,"href":"https:\/\/www.id-waste.com\/binsandbags\/wp-json\/wp\/v2\/users\/1"}],"replies":[{"embeddable":true,"href":"https:\/\/www.id-waste.com\/binsandbags\/wp-json\/wp\/v2\/comments?post=1214"}],"version-history":[{"count":5,"href":"https:\/\/www.id-waste.com\/binsandbags\/wp-json\/wp\/v2\/pages\/1214\/revisions"}],"predecessor-version":[{"id":2072,"href":"https:\/\/www.id-waste.com\/binsandbags\/wp-json\/wp\/v2\/pages\/1214\/revisions\/2072"}],"wp:attachment":[{"href":"https:\/\/www.id-waste.com\/binsandbags\/wp-json\/wp\/v2\/media?parent=1214"}],"curies":[{"name":"wp","href":"https:\/\/api.w.org\/{rel}","templated":true}]}}